{"id":124,"date":"2025-12-25T16:28:05","date_gmt":"2025-12-25T16:28:05","guid":{"rendered":"https:\/\/lous-tchancayres.fr\/?page_id=124"},"modified":"2026-03-13T11:01:32","modified_gmt":"2026-03-13T10:01:32","slug":"qui-sommes-nous","status":"publish","type":"page","link":"https:\/\/lous-tchancayres.fr\/?page_id=124","title":{"rendered":"L&rsquo;histoire du groupe folklorique Lous Tchancayres et ses motivations"},"content":{"rendered":"\n<div class=\"wp-block-group has-global-padding is-layout-constrained wp-container-core-group-is-layout-12243e0f wp-block-group-is-layout-constrained\">\n<h1 class=\"wp-block-heading has-text-align-center\" style=\"padding-top:var(--wp--preset--spacing--30);padding-bottom:var(--wp--preset--spacing--30)\"><strong>D\u00e9couvrez le groupe folklorique Lous Tchancayres<\/strong><\/h1>\n\n\n\n<p class=\"has-text-align-center\" style=\"padding-top:var(--wp--preset--spacing--30);padding-bottom:var(--wp--preset--spacing--30)\"><strong>Qui sommes-nous ?<\/strong><\/p>\n\n\n\n<p>Lous Tchancayres, en gascon \u201cLes \u00e9chassiers\u201d, est une association fond\u00e9e en 1972 \u00e0 Mont-de-Marsan. Nous sommes un groupe folklorique et artistique d&rsquo;\u00e9chassiers landais. Notre groupe est compos\u00e9 d&rsquo;une centaine de membres : \u00e9chassiers, danseurs et danseuses au sol, musiciens, porte-drapeau et accompagnateurs. Tous amateurs, nous comptons parmi nous des enfants, des adolescents et des adultes. En costume traditionnel, du haut de leurs \u00e9chasses et au sol, nos danseurs et danseuses, accompagn\u00e9s de nos musiciens, interpr\u00e8tent avec habilet\u00e9 diff\u00e9rents types de danses comme les rondeaux, polkas, gigues, etc.<\/p>\n\n\n\n<p class=\"has-text-align-center\" style=\"padding-top:var(--wp--preset--spacing--30);padding-bottom:var(--wp--preset--spacing--30)\"><strong>Notre r\u00f4le<\/strong><\/p>\n\n\n\n<p>Notre vocation est de perp\u00e9tuer et faire d\u00e9couvrir les us et coutumes de nos anc\u00eatres landais au travers des musiques et des danses, lors de nombreux spectacles. Nous assurons des d\u00e9fil\u00e9s en musique, des spectacles mais aussi des initiations, des haies d&rsquo;honneur et autres. Nous animons et participons \u00e0 des festivals (en France comme \u00e0 l&rsquo;\u00e9tranger), des f\u00eates de villes ou villages, des foires, des \u00e9v\u00e9nements commerciaux, des f\u00eates priv\u00e9es organis\u00e9es par des particuliers<br>(anniversaire, retraite, mariage\u2026), etc.<\/p>\n\n\n\n<figure data-wp-context=\"{&quot;imageId&quot;:&quot;69dc1726a04e8&quot;}\" data-wp-interactive=\"core\/image\" data-wp-key=\"69dc1726a04e8\" class=\"wp-block-image alignright size-full is-resized is-style-rounded wp-lightbox-container\"><img loading=\"lazy\" decoding=\"async\" width=\"1600\" height=\"1197\" data-wp-class--hide=\"state.isContentHidden\" data-wp-class--show=\"state.isContentVisible\" data-wp-init=\"callbacks.setButtonStyles\" data-wp-on--click=\"actions.showLightbox\" data-wp-on--load=\"callbacks.setButtonStyles\" data-wp-on-window--resize=\"callbacks.setButtonStyles\" src=\"https:\/\/lous-tchancayres.fr\/wp-content\/uploads\/2026\/01\/IMG-20240623-WA00241.jpg\" alt=\"devant \u00e9glise\" class=\"wp-image-199\" style=\"width:217px;height:auto\" srcset=\"https:\/\/lous-tchancayres.fr\/wp-content\/uploads\/2026\/01\/IMG-20240623-WA00241.jpg 1600w, https:\/\/lous-tchancayres.fr\/wp-content\/uploads\/2026\/01\/IMG-20240623-WA00241-300x224.jpg 300w, https:\/\/lous-tchancayres.fr\/wp-content\/uploads\/2026\/01\/IMG-20240623-WA00241-1024x766.jpg 1024w, https:\/\/lous-tchancayres.fr\/wp-content\/uploads\/2026\/01\/IMG-20240623-WA00241-768x575.jpg 768w, https:\/\/lous-tchancayres.fr\/wp-content\/uploads\/2026\/01\/IMG-20240623-WA00241-1536x1149.jpg 1536w\" sizes=\"auto, (max-width: 1600px) 100vw, 1600px\" \/><button\n\t\t\tclass=\"lightbox-trigger\"\n\t\t\ttype=\"button\"\n\t\t\taria-haspopup=\"dialog\"\n\t\t\taria-label=\"Agrandir\"\n\t\t\tdata-wp-init=\"callbacks.initTriggerButton\"\n\t\t\tdata-wp-on--click=\"actions.showLightbox\"\n\t\t\tdata-wp-style--right=\"state.imageButtonRight\"\n\t\t\tdata-wp-style--top=\"state.imageButtonTop\"\n\t\t>\n\t\t\t<svg xmlns=\"http:\/\/www.w3.org\/2000\/svg\" width=\"12\" height=\"12\" fill=\"none\" viewBox=\"0 0 12 12\">\n\t\t\t\t<path fill=\"#fff\" d=\"M2 0a2 2 0 0 0-2 2v2h1.5V2a.5.5 0 0 1 .5-.5h2V0H2Zm2 10.5H2a.5.5 0 0 1-.5-.5V8H0v2a2 2 0 0 0 2 2h2v-1.5ZM8 12v-1.5h2a.5.5 0 0 0 .5-.5V8H12v2a2 2 0 0 1-2 2H8Zm2-12a2 2 0 0 1 2 2v2h-1.5V2a.5.5 0 0 0-.5-.5H8V0h2Z\" \/>\n\t\t\t<\/svg>\n\t\t<\/button><figcaption class=\"wp-element-caption\">Lous tchancayres devant l&rsquo;\u00e9glise<\/figcaption><\/figure>\n<\/div>\n","protected":false},"excerpt":{"rendered":"<p>D\u00e9couvrez le groupe folklorique Lous Tchancayres Qui sommes-nous ? Lous Tchancayres, en gascon \u201cLes \u00e9chassiers\u201d, est une association fond\u00e9e en 1972 \u00e0 Mont-de-Marsan. Nous sommes un groupe folklorique et artistique [&hellip;]<\/p>\n","protected":false},"author":1,"featured_media":0,"parent":6,"menu_order":1,"comment_status":"closed","ping_status":"closed","template":"tchancayres-pages","meta":{"_monsterinsights_skip_tracking":false,"_monsterinsights_sitenote_active":false,"_monsterinsights_sitenote_note":"","_monsterinsights_sitenote_category":0,"_EventAllDay":false,"_EventTimezone":"","_EventStartDate":"","_EventEndDate":"","_EventStartDateUTC":"","_EventEndDateUTC":"","_EventShowMap":false,"_EventShowMapLink":false,"_EventURL":"","_EventCost":"","_EventCostDescription":"","_EventCurrencySymbol":"","_EventCurrencyCode":"","_EventCurrencyPosition":"","_EventDateTimeSeparator":"","_EventTimeRangeSeparator":"","_EventOrganizerID":[],"_EventVenueID":[],"_OrganizerEmail":"","_OrganizerPhone":"","_OrganizerWebsite":"","_VenueAddress":"","_VenueCity":"","_VenueCountry":"","_VenueProvince":"","_VenueState":"","_VenueZip":"","_VenuePhone":"","_VenueURL":"","_VenueStateProvince":"","_VenueLat":"","_VenueLng":"","_VenueShowMap":false,"_VenueShowMapLink":false,"footnotes":""},"class_list":["post-124","page","type-page","status-publish","hentry"],"aioseo_notices":[],"_links":{"self":[{"href":"https:\/\/lous-tchancayres.fr\/index.php?rest_route=\/wp\/v2\/pages\/124","targetHints":{"allow":["GET"]}}],"collection":[{"href":"https:\/\/lous-tchancayres.fr\/index.php?rest_route=\/wp\/v2\/pages"}],"about":[{"href":"https:\/\/lous-tchancayres.fr\/index.php?rest_route=\/wp\/v2\/types\/page"}],"author":[{"embeddable":true,"href":"https:\/\/lous-tchancayres.fr\/index.php?rest_route=\/wp\/v2\/users\/1"}],"replies":[{"embeddable":true,"href":"https:\/\/lous-tchancayres.fr\/index.php?rest_route=%2Fwp%2Fv2%2Fcomments&post=124"}],"version-history":[{"count":24,"href":"https:\/\/lous-tchancayres.fr\/index.php?rest_route=\/wp\/v2\/pages\/124\/revisions"}],"predecessor-version":[{"id":632,"href":"https:\/\/lous-tchancayres.fr\/index.php?rest_route=\/wp\/v2\/pages\/124\/revisions\/632"}],"up":[{"embeddable":true,"href":"https:\/\/lous-tchancayres.fr\/index.php?rest_route=\/wp\/v2\/pages\/6"}],"wp:attachment":[{"href":"https:\/\/lous-tchancayres.fr\/index.php?rest_route=%2Fwp%2Fv2%2Fmedia&parent=124"}],"curies":[{"name":"wp","href":"https:\/\/api.w.org\/{rel}","templated":true}]}}