{"id":244,"date":"2026-01-16T16:37:51","date_gmt":"2026-01-16T16:37:51","guid":{"rendered":"https:\/\/lous-tchancayres.fr\/?page_id=244"},"modified":"2026-04-10T09:10:29","modified_gmt":"2026-04-10T07:10:29","slug":"galerie","status":"publish","type":"page","link":"https:\/\/lous-tchancayres.fr\/?page_id=244","title":{"rendered":"Galerie"},"content":{"rendered":"\n<h2 class=\"wp-block-heading has-text-align-center\">Galerie<\/h2>\n\n\n\n<p class=\"has-large-font-size\" style=\"margin-top:0;margin-bottom:0\"><strong>Durant nos r\u00e9p\u00e9titions<\/strong><\/p>\n\n\n\n<div class=\"wp-block-group has-global-padding is-layout-constrained wp-block-group-is-layout-constrained\">\n<details class=\"wp-block-details is-layout-flow wp-block-details-is-layout-flow\"><summary>Photos<\/summary>\n<figure class=\"wp-block-gallery has-nested-images columns-default is-cropped wp-block-gallery-1 is-layout-flex wp-block-gallery-is-layout-flex\">\n<figure data-wp-context=\"{&quot;imageId&quot;:&quot;69f274f589667&quot;}\" data-wp-interactive=\"core\/image\" data-wp-key=\"69f274f589667\" class=\"wp-block-image size-full is-style-default wp-lightbox-container\"><img loading=\"lazy\" decoding=\"async\" width=\"1536\" height=\"2048\" data-wp-class--hide=\"state.isContentHidden\" data-wp-class--show=\"state.isContentVisible\" data-wp-init=\"callbacks.setButtonStyles\" data-wp-on--click=\"actions.showLightbox\" data-wp-on--load=\"callbacks.setButtonStyles\" data-wp-on-window--resize=\"callbacks.setButtonStyles\" data-id=\"247\" src=\"https:\/\/lous-tchancayres.fr\/wp-content\/uploads\/2026\/01\/repetition-3.jpeg\" alt=\"\" class=\"wp-image-247\" style=\"aspect-ratio:4\/3\" srcset=\"https:\/\/lous-tchancayres.fr\/wp-content\/uploads\/2026\/01\/repetition-3.jpeg 1536w, https:\/\/lous-tchancayres.fr\/wp-content\/uploads\/2026\/01\/repetition-3-225x300.jpeg 225w, https:\/\/lous-tchancayres.fr\/wp-content\/uploads\/2026\/01\/repetition-3-768x1024.jpeg 768w, https:\/\/lous-tchancayres.fr\/wp-content\/uploads\/2026\/01\/repetition-3-1152x1536.jpeg 1152w\" sizes=\"auto, (max-width: 1536px) 100vw, 1536px\" \/><button\n\t\t\tclass=\"lightbox-trigger\"\n\t\t\ttype=\"button\"\n\t\t\taria-haspopup=\"dialog\"\n\t\t\taria-label=\"Agrandir\"\n\t\t\tdata-wp-init=\"callbacks.initTriggerButton\"\n\t\t\tdata-wp-on--click=\"actions.showLightbox\"\n\t\t\tdata-wp-style--right=\"state.imageButtonRight\"\n\t\t\tdata-wp-style--top=\"state.imageButtonTop\"\n\t\t>\n\t\t\t<svg xmlns=\"http:\/\/www.w3.org\/2000\/svg\" width=\"12\" height=\"12\" fill=\"none\" viewBox=\"0 0 12 12\">\n\t\t\t\t<path fill=\"#fff\" d=\"M2 0a2 2 0 0 0-2 2v2h1.5V2a.5.5 0 0 1 .5-.5h2V0H2Zm2 10.5H2a.5.5 0 0 1-.5-.5V8H0v2a2 2 0 0 0 2 2h2v-1.5ZM8 12v-1.5h2a.5.5 0 0 0 .5-.5V8H12v2a2 2 0 0 1-2 2H8Zm2-12a2 2 0 0 1 2 2v2h-1.5V2a.5.5 0 0 0-.5-.5H8V0h2Z\" \/>\n\t\t\t<\/svg>\n\t\t<\/button><\/figure>\n\n\n\n<figure data-wp-context=\"{&quot;imageId&quot;:&quot;69f274f589a90&quot;}\" data-wp-interactive=\"core\/image\" data-wp-key=\"69f274f589a90\" class=\"wp-block-image size-full is-style-default wp-lightbox-container\"><img loading=\"lazy\" decoding=\"async\" width=\"1200\" height=\"1600\" data-wp-class--hide=\"state.isContentHidden\" data-wp-class--show=\"state.isContentVisible\" data-wp-init=\"callbacks.setButtonStyles\" data-wp-on--click=\"actions.showLightbox\" data-wp-on--load=\"callbacks.setButtonStyles\" data-wp-on-window--resize=\"callbacks.setButtonStyles\" data-id=\"245\" src=\"https:\/\/lous-tchancayres.fr\/wp-content\/uploads\/2026\/01\/repetition-1.jpeg\" alt=\"\" class=\"wp-image-245\" style=\"aspect-ratio:4\/3\" srcset=\"https:\/\/lous-tchancayres.fr\/wp-content\/uploads\/2026\/01\/repetition-1.jpeg 1200w, https:\/\/lous-tchancayres.fr\/wp-content\/uploads\/2026\/01\/repetition-1-225x300.jpeg 225w, https:\/\/lous-tchancayres.fr\/wp-content\/uploads\/2026\/01\/repetition-1-768x1024.jpeg 768w, https:\/\/lous-tchancayres.fr\/wp-content\/uploads\/2026\/01\/repetition-1-1152x1536.jpeg 1152w\" sizes=\"auto, (max-width: 1200px) 100vw, 1200px\" \/><button\n\t\t\tclass=\"lightbox-trigger\"\n\t\t\ttype=\"button\"\n\t\t\taria-haspopup=\"dialog\"\n\t\t\taria-label=\"Agrandir\"\n\t\t\tdata-wp-init=\"callbacks.initTriggerButton\"\n\t\t\tdata-wp-on--click=\"actions.showLightbox\"\n\t\t\tdata-wp-style--right=\"state.imageButtonRight\"\n\t\t\tdata-wp-style--top=\"state.imageButtonTop\"\n\t\t>\n\t\t\t<svg xmlns=\"http:\/\/www.w3.org\/2000\/svg\" width=\"12\" height=\"12\" fill=\"none\" viewBox=\"0 0 12 12\">\n\t\t\t\t<path fill=\"#fff\" d=\"M2 0a2 2 0 0 0-2 2v2h1.5V2a.5.5 0 0 1 .5-.5h2V0H2Zm2 10.5H2a.5.5 0 0 1-.5-.5V8H0v2a2 2 0 0 0 2 2h2v-1.5ZM8 12v-1.5h2a.5.5 0 0 0 .5-.5V8H12v2a2 2 0 0 1-2 2H8Zm2-12a2 2 0 0 1 2 2v2h-1.5V2a.5.5 0 0 0-.5-.5H8V0h2Z\" \/>\n\t\t\t<\/svg>\n\t\t<\/button><\/figure>\n\n\n\n<figure data-wp-context=\"{&quot;imageId&quot;:&quot;69f274f589bb5&quot;}\" data-wp-interactive=\"core\/image\" data-wp-key=\"69f274f589bb5\" class=\"wp-block-image size-full is-style-default wp-lightbox-container\"><img loading=\"lazy\" decoding=\"async\" width=\"1200\" height=\"1600\" data-wp-class--hide=\"state.isContentHidden\" data-wp-class--show=\"state.isContentVisible\" data-wp-init=\"callbacks.setButtonStyles\" data-wp-on--click=\"actions.showLightbox\" data-wp-on--load=\"callbacks.setButtonStyles\" data-wp-on-window--resize=\"callbacks.setButtonStyles\" data-id=\"245\" src=\"https:\/\/lous-tchancayres.fr\/wp-content\/uploads\/2026\/01\/repetition-1.jpeg\" alt=\"\" class=\"wp-image-245\" style=\"aspect-ratio:4\/3\" srcset=\"https:\/\/lous-tchancayres.fr\/wp-content\/uploads\/2026\/01\/repetition-1.jpeg 1200w, https:\/\/lous-tchancayres.fr\/wp-content\/uploads\/2026\/01\/repetition-1-225x300.jpeg 225w, https:\/\/lous-tchancayres.fr\/wp-content\/uploads\/2026\/01\/repetition-1-768x1024.jpeg 768w, https:\/\/lous-tchancayres.fr\/wp-content\/uploads\/2026\/01\/repetition-1-1152x1536.jpeg 1152w\" sizes=\"auto, (max-width: 1200px) 100vw, 1200px\" \/><button\n\t\t\tclass=\"lightbox-trigger\"\n\t\t\ttype=\"button\"\n\t\t\taria-haspopup=\"dialog\"\n\t\t\taria-label=\"Agrandir\"\n\t\t\tdata-wp-init=\"callbacks.initTriggerButton\"\n\t\t\tdata-wp-on--click=\"actions.showLightbox\"\n\t\t\tdata-wp-style--right=\"state.imageButtonRight\"\n\t\t\tdata-wp-style--top=\"state.imageButtonTop\"\n\t\t>\n\t\t\t<svg xmlns=\"http:\/\/www.w3.org\/2000\/svg\" width=\"12\" height=\"12\" fill=\"none\" viewBox=\"0 0 12 12\">\n\t\t\t\t<path fill=\"#fff\" d=\"M2 0a2 2 0 0 0-2 2v2h1.5V2a.5.5 0 0 1 .5-.5h2V0H2Zm2 10.5H2a.5.5 0 0 1-.5-.5V8H0v2a2 2 0 0 0 2 2h2v-1.5ZM8 12v-1.5h2a.5.5 0 0 0 .5-.5V8H12v2a2 2 0 0 1-2 2H8Zm2-12a2 2 0 0 1 2 2v2h-1.5V2a.5.5 0 0 0-.5-.5H8V0h2Z\" \/>\n\t\t\t<\/svg>\n\t\t<\/button><\/figure>\n<\/figure>\n<\/details>\n\n\n\n<details class=\"wp-block-details is-layout-flow wp-block-details-is-layout-flow\"><summary>Videos<\/summary>\n<div class=\"wp-block-group is-style-default has-medium-font-size is-layout-flex wp-block-group-is-layout-flex\" style=\"min-height:25px\">\n<figure class=\"wp-block-video wp-container-content-759e20a8\"><video height=\"850\" style=\"aspect-ratio: 478 \/ 850;\" width=\"478\" controls src=\"https:\/\/lous-tchancayres.fr\/wp-content\/uploads\/2026\/01\/repetition-2.mp4\"><\/video><figcaption class=\"wp-element-caption\">arroumic<\/figcaption><\/figure>\n\n\n\n<figure class=\"wp-block-video wp-container-content-1387b69e\"><video height=\"464\" style=\"aspect-ratio: 832 \/ 464;\" width=\"832\" controls src=\"https:\/\/lous-tchancayres.fr\/wp-content\/uploads\/2026\/01\/repetition-4.mp4\"><\/video><figcaption class=\"wp-element-caption\">Rondeau<\/figcaption><\/figure>\n<\/div>\n<\/details>\n<\/div>\n\n\n\n<p class=\"has-large-font-size\" style=\"margin-top:0;margin-bottom:0\"><strong>Durant nos activit\u00e9s<\/strong><\/p>\n\n\n\n<div class=\"wp-block-group has-global-padding is-layout-constrained wp-block-group-is-layout-constrained\">\n<details class=\"wp-block-details is-layout-flow wp-block-details-is-layout-flow\"><summary>Photos<\/summary>\n<figure class=\"wp-block-gallery has-nested-images columns-default is-cropped wp-block-gallery-2 is-layout-flex wp-block-gallery-is-layout-flex\">\n<figure data-wp-context=\"{&quot;imageId&quot;:&quot;69f274f58b4a0&quot;}\" data-wp-interactive=\"core\/image\" data-wp-key=\"69f274f58b4a0\" class=\"wp-block-image size-full wp-lightbox-container\"><img loading=\"lazy\" decoding=\"async\" width=\"1536\" height=\"2048\" data-wp-class--hide=\"state.isContentHidden\" data-wp-class--show=\"state.isContentVisible\" data-wp-init=\"callbacks.setButtonStyles\" data-wp-on--click=\"actions.showLightbox\" data-wp-on--load=\"callbacks.setButtonStyles\" data-wp-on-window--resize=\"callbacks.setButtonStyles\" data-id=\"272\" src=\"https:\/\/lous-tchancayres.fr\/wp-content\/uploads\/2026\/01\/arbre-de-noel-1.jpeg\" alt=\"\" class=\"wp-image-272\" style=\"aspect-ratio:4\/3\" srcset=\"https:\/\/lous-tchancayres.fr\/wp-content\/uploads\/2026\/01\/arbre-de-noel-1.jpeg 1536w, https:\/\/lous-tchancayres.fr\/wp-content\/uploads\/2026\/01\/arbre-de-noel-1-225x300.jpeg 225w, https:\/\/lous-tchancayres.fr\/wp-content\/uploads\/2026\/01\/arbre-de-noel-1-768x1024.jpeg 768w, https:\/\/lous-tchancayres.fr\/wp-content\/uploads\/2026\/01\/arbre-de-noel-1-1152x1536.jpeg 1152w\" sizes=\"auto, (max-width: 1536px) 100vw, 1536px\" \/><button\n\t\t\tclass=\"lightbox-trigger\"\n\t\t\ttype=\"button\"\n\t\t\taria-haspopup=\"dialog\"\n\t\t\taria-label=\"Agrandir\"\n\t\t\tdata-wp-init=\"callbacks.initTriggerButton\"\n\t\t\tdata-wp-on--click=\"actions.showLightbox\"\n\t\t\tdata-wp-style--right=\"state.imageButtonRight\"\n\t\t\tdata-wp-style--top=\"state.imageButtonTop\"\n\t\t>\n\t\t\t<svg xmlns=\"http:\/\/www.w3.org\/2000\/svg\" width=\"12\" height=\"12\" fill=\"none\" viewBox=\"0 0 12 12\">\n\t\t\t\t<path fill=\"#fff\" d=\"M2 0a2 2 0 0 0-2 2v2h1.5V2a.5.5 0 0 1 .5-.5h2V0H2Zm2 10.5H2a.5.5 0 0 1-.5-.5V8H0v2a2 2 0 0 0 2 2h2v-1.5ZM8 12v-1.5h2a.5.5 0 0 0 .5-.5V8H12v2a2 2 0 0 1-2 2H8Zm2-12a2 2 0 0 1 2 2v2h-1.5V2a.5.5 0 0 0-.5-.5H8V0h2Z\" \/>\n\t\t\t<\/svg>\n\t\t<\/button><figcaption class=\"wp-element-caption\">Fauteuil du P\u00e8re No\u00ebl<\/figcaption><\/figure>\n\n\n\n<figure data-wp-context=\"{&quot;imageId&quot;:&quot;69f274f58b800&quot;}\" data-wp-interactive=\"core\/image\" data-wp-key=\"69f274f58b800\" class=\"wp-block-image size-full wp-lightbox-container\"><img loading=\"lazy\" decoding=\"async\" width=\"1536\" height=\"2048\" data-wp-class--hide=\"state.isContentHidden\" data-wp-class--show=\"state.isContentVisible\" data-wp-init=\"callbacks.setButtonStyles\" data-wp-on--click=\"actions.showLightbox\" data-wp-on--load=\"callbacks.setButtonStyles\" data-wp-on-window--resize=\"callbacks.setButtonStyles\" data-id=\"273\" src=\"https:\/\/lous-tchancayres.fr\/wp-content\/uploads\/2026\/01\/arbre-de-noel-2.jpeg\" alt=\"\" class=\"wp-image-273\" style=\"aspect-ratio:4\/3\" srcset=\"https:\/\/lous-tchancayres.fr\/wp-content\/uploads\/2026\/01\/arbre-de-noel-2.jpeg 1536w, https:\/\/lous-tchancayres.fr\/wp-content\/uploads\/2026\/01\/arbre-de-noel-2-225x300.jpeg 225w, https:\/\/lous-tchancayres.fr\/wp-content\/uploads\/2026\/01\/arbre-de-noel-2-768x1024.jpeg 768w, https:\/\/lous-tchancayres.fr\/wp-content\/uploads\/2026\/01\/arbre-de-noel-2-1152x1536.jpeg 1152w\" sizes=\"auto, (max-width: 1536px) 100vw, 1536px\" \/><button\n\t\t\tclass=\"lightbox-trigger\"\n\t\t\ttype=\"button\"\n\t\t\taria-haspopup=\"dialog\"\n\t\t\taria-label=\"Agrandir\"\n\t\t\tdata-wp-init=\"callbacks.initTriggerButton\"\n\t\t\tdata-wp-on--click=\"actions.showLightbox\"\n\t\t\tdata-wp-style--right=\"state.imageButtonRight\"\n\t\t\tdata-wp-style--top=\"state.imageButtonTop\"\n\t\t>\n\t\t\t<svg xmlns=\"http:\/\/www.w3.org\/2000\/svg\" width=\"12\" height=\"12\" fill=\"none\" viewBox=\"0 0 12 12\">\n\t\t\t\t<path fill=\"#fff\" d=\"M2 0a2 2 0 0 0-2 2v2h1.5V2a.5.5 0 0 1 .5-.5h2V0H2Zm2 10.5H2a.5.5 0 0 1-.5-.5V8H0v2a2 2 0 0 0 2 2h2v-1.5ZM8 12v-1.5h2a.5.5 0 0 0 .5-.5V8H12v2a2 2 0 0 1-2 2H8Zm2-12a2 2 0 0 1 2 2v2h-1.5V2a.5.5 0 0 0-.5-.5H8V0h2Z\" \/>\n\t\t\t<\/svg>\n\t\t<\/button><figcaption class=\"wp-element-caption\">Les enfants avec le P\u00e8re No\u00ebl<\/figcaption><\/figure>\n\n\n\n<figure data-wp-context=\"{&quot;imageId&quot;:&quot;69f274f58bb97&quot;}\" data-wp-interactive=\"core\/image\" data-wp-key=\"69f274f58bb97\" class=\"wp-block-image size-full wp-lightbox-container\"><img loading=\"lazy\" decoding=\"async\" width=\"1200\" height=\"1600\" data-wp-class--hide=\"state.isContentHidden\" data-wp-class--show=\"state.isContentVisible\" data-wp-init=\"callbacks.setButtonStyles\" data-wp-on--click=\"actions.showLightbox\" data-wp-on--load=\"callbacks.setButtonStyles\" data-wp-on-window--resize=\"callbacks.setButtonStyles\" data-id=\"274\" src=\"https:\/\/lous-tchancayres.fr\/wp-content\/uploads\/2026\/01\/arbre-de-noel-3.jpeg\" alt=\"\" class=\"wp-image-274\" style=\"aspect-ratio:4\/3\" srcset=\"https:\/\/lous-tchancayres.fr\/wp-content\/uploads\/2026\/01\/arbre-de-noel-3.jpeg 1200w, https:\/\/lous-tchancayres.fr\/wp-content\/uploads\/2026\/01\/arbre-de-noel-3-225x300.jpeg 225w, https:\/\/lous-tchancayres.fr\/wp-content\/uploads\/2026\/01\/arbre-de-noel-3-768x1024.jpeg 768w, https:\/\/lous-tchancayres.fr\/wp-content\/uploads\/2026\/01\/arbre-de-noel-3-1152x1536.jpeg 1152w\" sizes=\"auto, (max-width: 1200px) 100vw, 1200px\" \/><button\n\t\t\tclass=\"lightbox-trigger\"\n\t\t\ttype=\"button\"\n\t\t\taria-haspopup=\"dialog\"\n\t\t\taria-label=\"Agrandir\"\n\t\t\tdata-wp-init=\"callbacks.initTriggerButton\"\n\t\t\tdata-wp-on--click=\"actions.showLightbox\"\n\t\t\tdata-wp-style--right=\"state.imageButtonRight\"\n\t\t\tdata-wp-style--top=\"state.imageButtonTop\"\n\t\t>\n\t\t\t<svg xmlns=\"http:\/\/www.w3.org\/2000\/svg\" width=\"12\" height=\"12\" fill=\"none\" viewBox=\"0 0 12 12\">\n\t\t\t\t<path fill=\"#fff\" d=\"M2 0a2 2 0 0 0-2 2v2h1.5V2a.5.5 0 0 1 .5-.5h2V0H2Zm2 10.5H2a.5.5 0 0 1-.5-.5V8H0v2a2 2 0 0 0 2 2h2v-1.5ZM8 12v-1.5h2a.5.5 0 0 0 .5-.5V8H12v2a2 2 0 0 1-2 2H8Zm2-12a2 2 0 0 1 2 2v2h-1.5V2a.5.5 0 0 0-.5-.5H8V0h2Z\" \/>\n\t\t\t<\/svg>\n\t\t<\/button><figcaption class=\"wp-element-caption\">Le bureau avec le P\u00e8re No\u00ebl<\/figcaption><\/figure>\n<\/figure>\n<\/details>\n\n\n\n<details class=\"wp-block-details is-layout-flow wp-block-details-is-layout-flow\"><summary>Videos<\/summary>\n<div class=\"wp-block-group has-medium-font-size has-global-padding is-layout-constrained wp-block-group-is-layout-constrained\"><\/div>\n<\/details>\n<\/div>\n\n\n\n<p class=\"has-large-font-size\" style=\"margin-top:0;margin-bottom:0\"><strong>Durant nos spectacles<\/strong><\/p>\n\n\n\n<div class=\"wp-block-group has-global-padding is-layout-constrained wp-block-group-is-layout-constrained\">\n<details class=\"wp-block-details is-layout-flow wp-block-details-is-layout-flow\"><summary>Photos<\/summary>\n<figure class=\"wp-block-gallery has-nested-images columns-default is-cropped wp-block-gallery-3 is-layout-flex wp-block-gallery-is-layout-flex\">\n<figure data-wp-context=\"{&quot;imageId&quot;:&quot;69f274f58c0af&quot;}\" data-wp-interactive=\"core\/image\" data-wp-key=\"69f274f58c0af\" class=\"wp-block-image size-full wp-lightbox-container\"><img loading=\"lazy\" decoding=\"async\" width=\"1000\" height=\"1500\" data-wp-class--hide=\"state.isContentHidden\" data-wp-class--show=\"state.isContentVisible\" data-wp-init=\"callbacks.setButtonStyles\" data-wp-on--click=\"actions.showLightbox\" data-wp-on--load=\"callbacks.setButtonStyles\" data-wp-on-window--resize=\"callbacks.setButtonStyles\" data-id=\"275\" src=\"https:\/\/lous-tchancayres.fr\/wp-content\/uploads\/2026\/01\/spectacle-2.jpeg\" alt=\"\" class=\"wp-image-275\" style=\"aspect-ratio:4\/3\" srcset=\"https:\/\/lous-tchancayres.fr\/wp-content\/uploads\/2026\/01\/spectacle-2.jpeg 1000w, https:\/\/lous-tchancayres.fr\/wp-content\/uploads\/2026\/01\/spectacle-2-200x300.jpeg 200w, https:\/\/lous-tchancayres.fr\/wp-content\/uploads\/2026\/01\/spectacle-2-683x1024.jpeg 683w, https:\/\/lous-tchancayres.fr\/wp-content\/uploads\/2026\/01\/spectacle-2-768x1152.jpeg 768w\" sizes=\"auto, (max-width: 1000px) 100vw, 1000px\" \/><button\n\t\t\tclass=\"lightbox-trigger\"\n\t\t\ttype=\"button\"\n\t\t\taria-haspopup=\"dialog\"\n\t\t\taria-label=\"Agrandir\"\n\t\t\tdata-wp-init=\"callbacks.initTriggerButton\"\n\t\t\tdata-wp-on--click=\"actions.showLightbox\"\n\t\t\tdata-wp-style--right=\"state.imageButtonRight\"\n\t\t\tdata-wp-style--top=\"state.imageButtonTop\"\n\t\t>\n\t\t\t<svg xmlns=\"http:\/\/www.w3.org\/2000\/svg\" width=\"12\" height=\"12\" fill=\"none\" viewBox=\"0 0 12 12\">\n\t\t\t\t<path fill=\"#fff\" d=\"M2 0a2 2 0 0 0-2 2v2h1.5V2a.5.5 0 0 1 .5-.5h2V0H2Zm2 10.5H2a.5.5 0 0 1-.5-.5V8H0v2a2 2 0 0 0 2 2h2v-1.5ZM8 12v-1.5h2a.5.5 0 0 0 .5-.5V8H12v2a2 2 0 0 1-2 2H8Zm2-12a2 2 0 0 1 2 2v2h-1.5V2a.5.5 0 0 0-.5-.5H8V0h2Z\" \/>\n\t\t\t<\/svg>\n\t\t<\/button><\/figure>\n\n\n\n<figure data-wp-context=\"{&quot;imageId&quot;:&quot;69f274f58c439&quot;}\" data-wp-interactive=\"core\/image\" data-wp-key=\"69f274f58c439\" class=\"wp-block-image size-full wp-lightbox-container\"><img loading=\"lazy\" decoding=\"async\" width=\"1170\" height=\"1538\" data-wp-class--hide=\"state.isContentHidden\" data-wp-class--show=\"state.isContentVisible\" data-wp-init=\"callbacks.setButtonStyles\" data-wp-on--click=\"actions.showLightbox\" data-wp-on--load=\"callbacks.setButtonStyles\" data-wp-on-window--resize=\"callbacks.setButtonStyles\" data-id=\"276\" src=\"https:\/\/lous-tchancayres.fr\/wp-content\/uploads\/2026\/01\/spectacle-3.jpeg\" alt=\"\" class=\"wp-image-276\" style=\"aspect-ratio:4\/3\" srcset=\"https:\/\/lous-tchancayres.fr\/wp-content\/uploads\/2026\/01\/spectacle-3.jpeg 1170w, https:\/\/lous-tchancayres.fr\/wp-content\/uploads\/2026\/01\/spectacle-3-228x300.jpeg 228w, https:\/\/lous-tchancayres.fr\/wp-content\/uploads\/2026\/01\/spectacle-3-779x1024.jpeg 779w, https:\/\/lous-tchancayres.fr\/wp-content\/uploads\/2026\/01\/spectacle-3-768x1010.jpeg 768w, https:\/\/lous-tchancayres.fr\/wp-content\/uploads\/2026\/01\/spectacle-3-1168x1536.jpeg 1168w\" sizes=\"auto, (max-width: 1170px) 100vw, 1170px\" \/><button\n\t\t\tclass=\"lightbox-trigger\"\n\t\t\ttype=\"button\"\n\t\t\taria-haspopup=\"dialog\"\n\t\t\taria-label=\"Agrandir\"\n\t\t\tdata-wp-init=\"callbacks.initTriggerButton\"\n\t\t\tdata-wp-on--click=\"actions.showLightbox\"\n\t\t\tdata-wp-style--right=\"state.imageButtonRight\"\n\t\t\tdata-wp-style--top=\"state.imageButtonTop\"\n\t\t>\n\t\t\t<svg xmlns=\"http:\/\/www.w3.org\/2000\/svg\" width=\"12\" height=\"12\" fill=\"none\" viewBox=\"0 0 12 12\">\n\t\t\t\t<path fill=\"#fff\" d=\"M2 0a2 2 0 0 0-2 2v2h1.5V2a.5.5 0 0 1 .5-.5h2V0H2Zm2 10.5H2a.5.5 0 0 1-.5-.5V8H0v2a2 2 0 0 0 2 2h2v-1.5ZM8 12v-1.5h2a.5.5 0 0 0 .5-.5V8H12v2a2 2 0 0 1-2 2H8Zm2-12a2 2 0 0 1 2 2v2h-1.5V2a.5.5 0 0 0-.5-.5H8V0h2Z\" \/>\n\t\t\t<\/svg>\n\t\t<\/button><\/figure>\n\n\n\n<figure data-wp-context=\"{&quot;imageId&quot;:&quot;69f274f58c7a4&quot;}\" data-wp-interactive=\"core\/image\" data-wp-key=\"69f274f58c7a4\" class=\"wp-block-image size-full wp-lightbox-container\"><img loading=\"lazy\" decoding=\"async\" width=\"1536\" height=\"2048\" data-wp-class--hide=\"state.isContentHidden\" data-wp-class--show=\"state.isContentVisible\" data-wp-init=\"callbacks.setButtonStyles\" data-wp-on--click=\"actions.showLightbox\" data-wp-on--load=\"callbacks.setButtonStyles\" data-wp-on-window--resize=\"callbacks.setButtonStyles\" data-id=\"277\" src=\"https:\/\/lous-tchancayres.fr\/wp-content\/uploads\/2026\/01\/spectacle-4.jpeg\" alt=\"\" class=\"wp-image-277\" style=\"aspect-ratio:4\/3\" srcset=\"https:\/\/lous-tchancayres.fr\/wp-content\/uploads\/2026\/01\/spectacle-4.jpeg 1536w, https:\/\/lous-tchancayres.fr\/wp-content\/uploads\/2026\/01\/spectacle-4-225x300.jpeg 225w, https:\/\/lous-tchancayres.fr\/wp-content\/uploads\/2026\/01\/spectacle-4-768x1024.jpeg 768w, https:\/\/lous-tchancayres.fr\/wp-content\/uploads\/2026\/01\/spectacle-4-1152x1536.jpeg 1152w\" sizes=\"auto, (max-width: 1536px) 100vw, 1536px\" \/><button\n\t\t\tclass=\"lightbox-trigger\"\n\t\t\ttype=\"button\"\n\t\t\taria-haspopup=\"dialog\"\n\t\t\taria-label=\"Agrandir\"\n\t\t\tdata-wp-init=\"callbacks.initTriggerButton\"\n\t\t\tdata-wp-on--click=\"actions.showLightbox\"\n\t\t\tdata-wp-style--right=\"state.imageButtonRight\"\n\t\t\tdata-wp-style--top=\"state.imageButtonTop\"\n\t\t>\n\t\t\t<svg xmlns=\"http:\/\/www.w3.org\/2000\/svg\" width=\"12\" height=\"12\" fill=\"none\" viewBox=\"0 0 12 12\">\n\t\t\t\t<path fill=\"#fff\" d=\"M2 0a2 2 0 0 0-2 2v2h1.5V2a.5.5 0 0 1 .5-.5h2V0H2Zm2 10.5H2a.5.5 0 0 1-.5-.5V8H0v2a2 2 0 0 0 2 2h2v-1.5ZM8 12v-1.5h2a.5.5 0 0 0 .5-.5V8H12v2a2 2 0 0 1-2 2H8Zm2-12a2 2 0 0 1 2 2v2h-1.5V2a.5.5 0 0 0-.5-.5H8V0h2Z\" \/>\n\t\t\t<\/svg>\n\t\t<\/button><\/figure>\n\n\n\n<figure data-wp-context=\"{&quot;imageId&quot;:&quot;69f274f58caea&quot;}\" data-wp-interactive=\"core\/image\" data-wp-key=\"69f274f58caea\" class=\"wp-block-image size-full wp-lightbox-container\"><img loading=\"lazy\" decoding=\"async\" width=\"725\" height=\"659\" data-wp-class--hide=\"state.isContentHidden\" data-wp-class--show=\"state.isContentVisible\" data-wp-init=\"callbacks.setButtonStyles\" data-wp-on--click=\"actions.showLightbox\" data-wp-on--load=\"callbacks.setButtonStyles\" data-wp-on-window--resize=\"callbacks.setButtonStyles\" data-id=\"278\" src=\"https:\/\/lous-tchancayres.fr\/wp-content\/uploads\/2026\/01\/spectacle-5.jpeg\" alt=\"\" class=\"wp-image-278\" style=\"aspect-ratio:4\/3\" srcset=\"https:\/\/lous-tchancayres.fr\/wp-content\/uploads\/2026\/01\/spectacle-5.jpeg 725w, https:\/\/lous-tchancayres.fr\/wp-content\/uploads\/2026\/01\/spectacle-5-300x273.jpeg 300w\" sizes=\"auto, (max-width: 725px) 100vw, 725px\" \/><button\n\t\t\tclass=\"lightbox-trigger\"\n\t\t\ttype=\"button\"\n\t\t\taria-haspopup=\"dialog\"\n\t\t\taria-label=\"Agrandir\"\n\t\t\tdata-wp-init=\"callbacks.initTriggerButton\"\n\t\t\tdata-wp-on--click=\"actions.showLightbox\"\n\t\t\tdata-wp-style--right=\"state.imageButtonRight\"\n\t\t\tdata-wp-style--top=\"state.imageButtonTop\"\n\t\t>\n\t\t\t<svg xmlns=\"http:\/\/www.w3.org\/2000\/svg\" width=\"12\" height=\"12\" fill=\"none\" viewBox=\"0 0 12 12\">\n\t\t\t\t<path fill=\"#fff\" d=\"M2 0a2 2 0 0 0-2 2v2h1.5V2a.5.5 0 0 1 .5-.5h2V0H2Zm2 10.5H2a.5.5 0 0 1-.5-.5V8H0v2a2 2 0 0 0 2 2h2v-1.5ZM8 12v-1.5h2a.5.5 0 0 0 .5-.5V8H12v2a2 2 0 0 1-2 2H8Zm2-12a2 2 0 0 1 2 2v2h-1.5V2a.5.5 0 0 0-.5-.5H8V0h2Z\" \/>\n\t\t\t<\/svg>\n\t\t<\/button><\/figure>\n<\/figure>\n<\/details>\n\n\n\n<details class=\"wp-block-details is-layout-flow wp-block-details-is-layout-flow\"><summary>Videos<\/summary>\n<div class=\"wp-block-group has-medium-font-size has-global-padding is-layout-constrained wp-block-group-is-layout-constrained\">\n<details class=\"wp-block-details is-layout-flow wp-container-core-details-is-layout-22223934 wp-block-details-is-layout-flow\"><summary>Danses<\/summary>\n<figure class=\"wp-block-video\"><video height=\"478\" style=\"aspect-ratio: 848 \/ 478;\" width=\"848\" controls src=\"https:\/\/lous-tchancayres.fr\/wp-content\/uploads\/2026\/01\/spectacle-8.mp4\"><\/video><\/figure>\n\n\n\n<figure class=\"wp-block-video\"><video height=\"478\" style=\"aspect-ratio: 848 \/ 478;\" width=\"848\" controls src=\"https:\/\/lous-tchancayres.fr\/wp-content\/uploads\/2026\/01\/spectacle-9.mp4\"><\/video><\/figure>\n\n\n\n<figure class=\"wp-block-video\"><video height=\"478\" style=\"aspect-ratio: 848 \/ 478;\" width=\"848\" controls src=\"https:\/\/lous-tchancayres.fr\/wp-content\/uploads\/2025\/11\/WhatsApp-Video-2025-10-25-at-20.03.03.mp4\"><\/video><\/figure>\n\n\n\n<figure class=\"wp-block-video\"><video height=\"478\" style=\"aspect-ratio: 848 \/ 478;\" width=\"848\" controls src=\"https:\/\/lous-tchancayres.fr\/wp-content\/uploads\/2025\/11\/WhatsApp-Video-2025-10-25-at-20.03.12-1.mp4\"><\/video><\/figure>\n\n\n\n<figure class=\"wp-block-video\"><video height=\"478\" style=\"aspect-ratio: 848 \/ 478;\" width=\"848\" controls src=\"https:\/\/lous-tchancayres.fr\/wp-content\/uploads\/2025\/11\/WhatsApp-Video-2025-10-25-at-20.03.12.mp4\"><\/video><\/figure>\n<\/details>\n\n\n\n<details class=\"wp-block-details is-layout-flow wp-block-details-is-layout-flow\"><summary>Descente<\/summary>\n<figure style=\"padding-top:var(--wp--preset--spacing--20);padding-bottom:var(--wp--preset--spacing--20)\" class=\"wp-block-video\"><video height=\"478\" style=\"aspect-ratio: 848 \/ 478;\" width=\"848\" controls src=\"https:\/\/lous-tchancayres.fr\/wp-content\/uploads\/2026\/01\/spectacle-6.mp4\"><\/video><\/figure>\n\n\n\n<figure class=\"wp-block-video\"><video height=\"850\" style=\"aspect-ratio: 478 \/ 850;\" width=\"478\" controls src=\"https:\/\/lous-tchancayres.fr\/wp-content\/uploads\/2026\/01\/spectacle-7.mp4\"><\/video><\/figure>\n<\/details>\n<\/div>\n<\/details>\n<\/div>\n\n\n\n<p class=\"has-large-font-size\" style=\"margin-top:0;margin-bottom:0\"><strong>Stage FGFL<\/strong><\/p>\n\n\n\n<div class=\"wp-block-group has-global-padding is-layout-constrained wp-block-group-is-layout-constrained\">\n<details class=\"wp-block-details is-layout-flow wp-block-details-is-layout-flow\"><summary>Photos<\/summary><\/details>\n\n\n\n<details class=\"wp-block-details is-layout-flow wp-block-details-is-layout-flow\"><summary>Videos<\/summary><\/details>\n<\/div>\n","protected":false},"excerpt":{"rendered":"<p>Galerie Durant nos r\u00e9p\u00e9titions Durant nos activit\u00e9s Durant nos spectacles Stage FGFL<\/p>\n","protected":false},"author":1,"featured_media":0,"parent":0,"menu_order":4,"comment_status":"closed","ping_status":"closed","template":"tchancayres-pages","meta":{"_monsterinsights_skip_tracking":false,"_monsterinsights_sitenote_active":false,"_monsterinsights_sitenote_note":"","_monsterinsights_sitenote_category":0,"_EventAllDay":false,"_EventTimezone":"","_EventStartDate":"","_EventEndDate":"","_EventStartDateUTC":"","_EventEndDateUTC":"","_EventShowMap":false,"_EventShowMapLink":false,"_EventURL":"","_EventCost":"","_EventCostDescription":"","_EventCurrencySymbol":"","_EventCurrencyCode":"","_EventCurrencyPosition":"","_EventDateTimeSeparator":"","_EventTimeRangeSeparator":"","_EventOrganizerID":[],"_EventVenueID":[],"_OrganizerEmail":"","_OrganizerPhone":"","_OrganizerWebsite":"","_VenueAddress":"","_VenueCity":"","_VenueCountry":"","_VenueProvince":"","_VenueState":"","_VenueZip":"","_VenuePhone":"","_VenueURL":"","_VenueStateProvince":"","_VenueLat":"","_VenueLng":"","_VenueShowMap":false,"_VenueShowMapLink":false,"footnotes":""},"class_list":["post-244","page","type-page","status-publish","hentry"],"aioseo_notices":[],"_links":{"self":[{"href":"https:\/\/lous-tchancayres.fr\/index.php?rest_route=\/wp\/v2\/pages\/244","targetHints":{"allow":["GET"]}}],"collection":[{"href":"https:\/\/lous-tchancayres.fr\/index.php?rest_route=\/wp\/v2\/pages"}],"about":[{"href":"https:\/\/lous-tchancayres.fr\/index.php?rest_route=\/wp\/v2\/types\/page"}],"author":[{"embeddable":true,"href":"https:\/\/lous-tchancayres.fr\/index.php?rest_route=\/wp\/v2\/users\/1"}],"replies":[{"embeddable":true,"href":"https:\/\/lous-tchancayres.fr\/index.php?rest_route=%2Fwp%2Fv2%2Fcomments&post=244"}],"version-history":[{"count":29,"href":"https:\/\/lous-tchancayres.fr\/index.php?rest_route=\/wp\/v2\/pages\/244\/revisions"}],"predecessor-version":[{"id":690,"href":"https:\/\/lous-tchancayres.fr\/index.php?rest_route=\/wp\/v2\/pages\/244\/revisions\/690"}],"wp:attachment":[{"href":"https:\/\/lous-tchancayres.fr\/index.php?rest_route=%2Fwp%2Fv2%2Fmedia&parent=244"}],"curies":[{"name":"wp","href":"https:\/\/api.w.org\/{rel}","templated":true}]}}